{"id":182,"date":"2020-09-22T15:38:13","date_gmt":"2020-09-22T18:38:13","guid":{"rendered":"https:\/\/bridge400.qodeinteractive.com\/?page_id=182"},"modified":"2022-08-30T22:42:10","modified_gmt":"2022-08-31T01:42:10","slug":"sobre","status":"publish","type":"page","link":"https:\/\/agenciaclipping.com\/home\/sobre\/","title":{"rendered":"Sobre"},"content":{"rendered":"\t\t<div data-elementor-type=\"wp-page\" data-elementor-id=\"182\" class=\"elementor elementor-182\">\n\t\t\t\t\t\t\t\t\t<section class=\"elementor-section elementor-top-section elementor-element elementor-element-dc1a48f elementor-section-full_width elementor-section-height-default elementor-section-height-default parallax_section_no qode_elementor_container_no\" data-id=\"dc1a48f\" data-element_type=\"section\" data-settings=\"{&quot;background_background&quot;:&quot;classic&quot;}\">\n\t\t\t\t\t\t<div class=\"elementor-container elementor-column-gap-default\">\n\t\t\t\t\t<div class=\"elementor-column elementor-col-100 elementor-top-column elementor-element elementor-element-aa7e1ec\" data-id=\"aa7e1ec\" data-element_type=\"column\">\n\t\t\t<div class=\"elementor-widget-wrap elementor-element-populated\">\n\t\t\t\t\t\t\t\t<section class=\"elementor-section elementor-inner-section elementor-element elementor-element-b4694db elementor-section-full_width qode_elementor_container_inner elementor-section-height-default elementor-section-height-default parallax_section_no\" data-id=\"b4694db\" data-element_type=\"section\">\n\t\t\t\t\t\t<div class=\"elementor-container elementor-column-gap-default\">\n\t\t\t\t\t<div class=\"elementor-column elementor-col-50 elementor-inner-column elementor-element elementor-element-bc1bcb4\" data-id=\"bc1bcb4\" data-element_type=\"column\">\n\t\t\t<div class=\"elementor-widget-wrap elementor-element-populated\">\n\t\t\t\t\t\t\t\t<div class=\"elementor-element elementor-element-18c579f elementor-widget elementor-widget-heading\" data-id=\"18c579f\" data-element_type=\"widget\" data-widget_type=\"heading.default\">\n\t\t\t\t<div class=\"elementor-widget-container\">\n\t\t\t<h2 class=\"elementor-heading-title elementor-size-default\">\"Desde o in\u00edcio acredit\u00e1vamos no poder do digital!\"<\/h2>\t\t<\/div>\n\t\t\t\t<\/div>\n\t\t\t\t<div class=\"elementor-element elementor-element-0bdcdd4 elementor-widget elementor-widget-spacer\" data-id=\"0bdcdd4\" data-element_type=\"widget\" data-widget_type=\"spacer.default\">\n\t\t\t\t<div class=\"elementor-widget-container\">\n\t\t\t\t\t<div class=\"elementor-spacer\">\n\t\t\t<div class=\"elementor-spacer-inner\"><\/div>\n\t\t<\/div>\n\t\t\t\t<\/div>\n\t\t\t\t<\/div>\n\t\t\t\t<div class=\"elementor-element elementor-element-510989d elementor-widget elementor-widget-text-editor\" data-id=\"510989d\" data-element_type=\"widget\" data-widget_type=\"text-editor.default\">\n\t\t\t\t<div class=\"elementor-widget-container\">\n\t\t\t\t\t\t\t<div>Estar atento \u00e0s oportunidades nunca fez tanto sentido para o nascimento da Clipping. Uma empresa 100% feminina, que surgiu diante de dois principais sentimentos: mudar e recome\u00e7ar.<\/div><div>Com fundadoras em S\u00e3o Paulo e Minas Gerais, desde o in\u00edcio acredit\u00e1vamos no poder do digital e, por isso, apostamos todas as nossas fichas na ideia de que sim, uma empresa pode nascer, evoluir e colaborar com muitas outras administrando seus processos 100% online.<\/div><div>Muito mais do que promover marcas e gerenciar campanhas, o nosso maior prop\u00f3sito \u00e9 conectar pessoas e criar comunidades, porque a sua empresa n\u00e3o precisa ser apenas um cnpj, e ela n\u00e3o \u00e9!<\/div><div>Quer entender como podemos te ajudar?\u00a0<\/div>\t\t\t\t\t\t<\/div>\n\t\t\t\t<\/div>\n\t\t\t\t<div class=\"elementor-element elementor-element-cd5c0b0 elementor-widget elementor-widget-spacer\" data-id=\"cd5c0b0\" data-element_type=\"widget\" data-widget_type=\"spacer.default\">\n\t\t\t\t<div class=\"elementor-widget-container\">\n\t\t\t\t\t<div class=\"elementor-spacer\">\n\t\t\t<div class=\"elementor-spacer-inner\"><\/div>\n\t\t<\/div>\n\t\t\t\t<\/div>\n\t\t\t\t<\/div>\n\t\t\t\t<div class=\"elementor-element elementor-element-b0bf25a elementor-widget elementor-widget-bridge_button_v2\" data-id=\"b0bf25a\" data-element_type=\"widget\" data-widget_type=\"bridge_button_v2.default\">\n\t\t\t\t<div class=\"elementor-widget-container\">\n\t\t\t\n\n\t<a href=\"#\" target=\"_self\" style=\"color: #000000;font-family: work sans;font-size: 17px;font-weight: 600;text-transform: uppercase;font-style: normal;letter-spacing: -0.5px\" class=\"qode-btn qode-btn-medium qode-btn-simple\"  >\n\t    <span class=\"qode-btn-text\">Entre em contato!<\/span>\t<\/a>\n\n\t\t<\/div>\n\t\t\t\t<\/div>\n\t\t\t\t\t<\/div>\n\t\t<\/div>\n\t\t\t\t<div class=\"elementor-column elementor-col-50 elementor-inner-column elementor-element elementor-element-b527d77\" data-id=\"b527d77\" data-element_type=\"column\">\n\t\t\t<div class=\"elementor-widget-wrap elementor-element-populated\">\n\t\t\t\t\t\t\t\t<div class=\"elementor-element elementor-element-7281bd2 elementor-widget elementor-widget-image\" data-id=\"7281bd2\" data-element_type=\"widget\" data-widget_type=\"image.default\">\n\t\t\t\t<div class=\"elementor-widget-container\">\n\t\t\t\t\t\t\t\t\t\t\t\t\t\t\t<img width=\"1024\" height=\"1024\" src=\"https:\/\/agenciaclipping.com\/wp-content\/uploads\/2022\/08\/rm324-element-boom-06-1024x1024.jpg\" class=\"attachment-large size-large wp-image-590\" alt=\"\" loading=\"lazy\" srcset=\"https:\/\/agenciaclipping.com\/wp-content\/uploads\/2022\/08\/rm324-element-boom-06-1024x1024.jpg 1024w, https:\/\/agenciaclipping.com\/wp-content\/uploads\/2022\/08\/rm324-element-boom-06-300x300.jpg 300w, https:\/\/agenciaclipping.com\/wp-content\/uploads\/2022\/08\/rm324-element-boom-06-150x150.jpg 150w, https:\/\/agenciaclipping.com\/wp-content\/uploads\/2022\/08\/rm324-element-boom-06-768x768.jpg 768w, https:\/\/agenciaclipping.com\/wp-content\/uploads\/2022\/08\/rm324-element-boom-06-1536x1536.jpg 1536w, https:\/\/agenciaclipping.com\/wp-content\/uploads\/2022\/08\/rm324-element-boom-06-2048x2048.jpg 2048w, https:\/\/agenciaclipping.com\/wp-content\/uploads\/2022\/08\/rm324-element-boom-06-570x570.jpg 570w, https:\/\/agenciaclipping.com\/wp-content\/uploads\/2022\/08\/rm324-element-boom-06-500x500.jpg 500w, https:\/\/agenciaclipping.com\/wp-content\/uploads\/2022\/08\/rm324-element-boom-06-1000x1000.jpg 1000w, https:\/\/agenciaclipping.com\/wp-content\/uploads\/2022\/08\/rm324-element-boom-06-700x700.jpg 700w\" sizes=\"(max-width: 1024px) 100vw, 1024px\" \/>\t\t\t\t\t\t\t\t\t\t\t\t\t\t\t<\/div>\n\t\t\t\t<\/div>\n\t\t\t\t\t<\/div>\n\t\t<\/div>\n\t\t\t\t\t\t\t<\/div>\n\t\t<\/section>\n\t\t\t\t\t<\/div>\n\t\t<\/div>\n\t\t\t\t\t\t\t<\/div>\n\t\t<\/section>\n\t\t\t\t<section class=\"elementor-section elementor-top-section elementor-element elementor-element-23f2b96 elementor-section-full_width qode_elementor_container_inner elementor-section-height-default elementor-section-height-default parallax_section_no\" data-id=\"23f2b96\" data-element_type=\"section\">\n\t\t\t\t\t\t<div class=\"elementor-container elementor-column-gap-default\">\n\t\t\t\t\t<div class=\"elementor-column elementor-col-50 elementor-top-column elementor-element elementor-element-5cef660\" data-id=\"5cef660\" data-element_type=\"column\">\n\t\t\t<div class=\"elementor-widget-wrap elementor-element-populated\">\n\t\t\t\t\t\t\t\t<div class=\"elementor-element elementor-element-3ea2f23 elementor-widget elementor-widget-heading\" data-id=\"3ea2f23\" data-element_type=\"widget\" data-widget_type=\"heading.default\">\n\t\t\t\t<div class=\"elementor-widget-container\">\n\t\t\t<h2 class=\"elementor-heading-title elementor-size-default\">Continue escrevendo a sua hist\u00f3ria, deixe que a gente conte ela para o seu p\u00fablico!<\/h2>\t\t<\/div>\n\t\t\t\t<\/div>\n\t\t\t\t<div class=\"elementor-element elementor-element-b60d3f3 elementor-widget elementor-widget-spacer\" data-id=\"b60d3f3\" data-element_type=\"widget\" data-widget_type=\"spacer.default\">\n\t\t\t\t<div class=\"elementor-widget-container\">\n\t\t\t\t\t<div class=\"elementor-spacer\">\n\t\t\t<div class=\"elementor-spacer-inner\"><\/div>\n\t\t<\/div>\n\t\t\t\t<\/div>\n\t\t\t\t<\/div>\n\t\t\t\t<div class=\"elementor-element elementor-element-1b4aa69 elementor-widget elementor-widget-text-editor\" data-id=\"1b4aa69\" data-element_type=\"widget\" data-widget_type=\"text-editor.default\">\n\t\t\t\t<div class=\"elementor-widget-container\">\n\t\t\t\t\t\t\t<div>S\u00e3o mais de 200 clientes j\u00e1 atendidos em todo o Brasil. Cada processo criativo \u00e9 \u00fanico e elaborado atrav\u00e9s das melhores estrat\u00e9gias, para que a comunica\u00e7\u00e3o entre a marca e o cliente, seja um bate-papo transparente e verdadeiro.<\/div><div>O sucesso do cliente para n\u00f3s n\u00e3o \u00e9 sobre o quanto falamos do seu produto, mas como contamos a sua hist\u00f3ria. E vamos combinar? Contar diferentes hist\u00f3rias \u00e9 aprender e crescer junto com elas.<\/div><div>Como voc\u00ea tem contado a sua hist\u00f3ria?<\/div>\t\t\t\t\t\t<\/div>\n\t\t\t\t<\/div>\n\t\t\t\t\t<\/div>\n\t\t<\/div>\n\t\t\t\t<div class=\"elementor-column elementor-col-50 elementor-top-column elementor-element elementor-element-f0ce271\" data-id=\"f0ce271\" data-element_type=\"column\">\n\t\t\t<div class=\"elementor-widget-wrap elementor-element-populated\">\n\t\t\t\t\t\t\t\t<div class=\"elementor-element elementor-element-2318988 elementor-widget elementor-widget-image\" data-id=\"2318988\" data-element_type=\"widget\" data-widget_type=\"image.default\">\n\t\t\t\t<div class=\"elementor-widget-container\">\n\t\t\t\t\t\t\t\t\t\t\t\t\t\t\t<img width=\"1024\" height=\"683\" src=\"https:\/\/agenciaclipping.com\/wp-content\/uploads\/2022\/08\/revolution-still-life-design-1024x683.jpg\" class=\"attachment-large size-large wp-image-598\" alt=\"\" loading=\"lazy\" srcset=\"https:\/\/agenciaclipping.com\/wp-content\/uploads\/2022\/08\/revolution-still-life-design-1024x683.jpg 1024w, https:\/\/agenciaclipping.com\/wp-content\/uploads\/2022\/08\/revolution-still-life-design-300x200.jpg 300w, https:\/\/agenciaclipping.com\/wp-content\/uploads\/2022\/08\/revolution-still-life-design-768x512.jpg 768w, https:\/\/agenciaclipping.com\/wp-content\/uploads\/2022\/08\/revolution-still-life-design-1536x1024.jpg 1536w, https:\/\/agenciaclipping.com\/wp-content\/uploads\/2022\/08\/revolution-still-life-design-2048x1365.jpg 2048w, https:\/\/agenciaclipping.com\/wp-content\/uploads\/2022\/08\/revolution-still-life-design-700x467.jpg 700w\" sizes=\"(max-width: 1024px) 100vw, 1024px\" \/>\t\t\t\t\t\t\t\t\t\t\t\t\t\t\t<\/div>\n\t\t\t\t<\/div>\n\t\t\t\t\t<\/div>\n\t\t<\/div>\n\t\t\t\t\t\t\t<\/div>\n\t\t<\/section>\n\t\t\t\t<section class=\"elementor-section elementor-top-section elementor-element elementor-element-4855554c elementor-section-full_width elementor-section-height-default elementor-section-height-default parallax_section_no qode_elementor_container_no\" data-id=\"4855554c\" data-element_type=\"section\" data-settings=\"{&quot;background_background&quot;:&quot;classic&quot;}\">\n\t\t\t\t\t\t<div class=\"elementor-container elementor-column-gap-default\">\n\t\t\t\t\t<div class=\"elementor-column elementor-col-100 elementor-top-column elementor-element elementor-element-54b192f2\" data-id=\"54b192f2\" data-element_type=\"column\">\n\t\t\t<div class=\"elementor-widget-wrap elementor-element-populated\">\n\t\t\t\t\t\t\t\t<div class=\"elementor-element elementor-element-2483a7b0 elementor-widget elementor-widget-image\" data-id=\"2483a7b0\" data-element_type=\"widget\" data-widget_type=\"image.default\">\n\t\t\t\t<div class=\"elementor-widget-container\">\n\t\t\t\t\t\t\t\t\t\t\t\t\t\t\t<img width=\"252\" height=\"209\" src=\"https:\/\/agenciaclipping.com\/wp-content\/uploads\/2020\/09\/testimonials-image.png\" class=\"attachment-full size-full wp-image-74\" alt=\"g\" loading=\"lazy\" \/>\t\t\t\t\t\t\t\t\t\t\t\t\t\t\t<\/div>\n\t\t\t\t<\/div>\n\t\t\t\t<div class=\"elementor-element elementor-element-72c88d53 elementor-widget elementor-widget-bridge_testimonials_carousel\" data-id=\"72c88d53\" data-element_type=\"widget\" data-widget_type=\"bridge_testimonials_carousel.default\">\n\t\t\t\t<div class=\"elementor-widget-container\">\n\t\t\t<div class='testimonials_c_holder clearfix '><div class=\"testimonials_c testimonials_c_carousel\" data-show-navigation=\"\" data-animation-speed=\"\" data-auto-rotate-slides=\"0\" data-number-per-slide=\"1\"><ul class=\"slides\"><li id=\"testimonials-c-77\" class=\"testimonial_content\"><div class=\"testimonial_content_inner\"><div class=\"testimonial_text_holder\"><div class=\"testimonial_text_inner\" style=\"\"><p>Social Media \u00e9 sobre pessoas. N\u00e3o sobre sua empresa.<\/p><p class=\"testimonial_author\" style=\"\">Matt Goulart, fundador da Ignite Digital Inc.<\/p><\/div><\/div><\/div><\/li><li id=\"testimonials-c-78\" class=\"testimonial_content\"><div class=\"testimonial_content_inner\"><div class=\"testimonial_text_holder\"><div class=\"testimonial_text_inner\" style=\"\"><p>N\u00e3o construa links, construa relacionamentos.<\/p><p class=\"testimonial_author\" style=\"\">Rand Fishkin, fundador da MOZ<\/p><\/div><\/div><\/div><\/li><li id=\"testimonials-c-79\" class=\"testimonial_content\"><div class=\"testimonial_content_inner\"><div class=\"testimonial_text_holder\"><div class=\"testimonial_text_inner\" style=\"\"><p>Design n\u00e3o \u00e9 apenas o que se v\u00ea e o que se sente. O design \u00e9 sobre como funciona.\u201d<\/p><p class=\"testimonial_author\" style=\"\">Steve Jobs<\/p><\/div><\/div><\/div><\/li><\/ul><\/div><\/div>\t\t<\/div>\n\t\t\t\t<\/div>\n\t\t\t\t\t<\/div>\n\t\t<\/div>\n\t\t\t\t\t\t\t<\/div>\n\t\t<\/section>\n\t\t\t\t\t\t\t<\/div>\n\t\t","protected":false},"excerpt":{"rendered":"<p>&#8220;Desde o in\u00edcio acredit\u00e1vamos no poder do digital!&#8221; Estar atento \u00e0s oportunidades nunca fez tanto sentido para o nascimento da Clipping. Uma empresa 100% feminina, que surgiu diante de dois principais sentimentos: mudar e recome\u00e7ar.Com fundadoras em S\u00e3o Paulo e Minas Gerais, desde o in\u00edcio&#8230;<\/p>\n","protected":false},"author":1,"featured_media":0,"parent":0,"menu_order":0,"comment_status":"closed","ping_status":"closed","template":"full_width.php","meta":[],"_links":{"self":[{"href":"https:\/\/agenciaclipping.com\/home\/wp-json\/wp\/v2\/pages\/182"}],"collection":[{"href":"https:\/\/agenciaclipping.com\/home\/wp-json\/wp\/v2\/pages"}],"about":[{"href":"https:\/\/agenciaclipping.com\/home\/wp-json\/wp\/v2\/types\/page"}],"author":[{"embeddable":true,"href":"https:\/\/agenciaclipping.com\/home\/wp-json\/wp\/v2\/users\/1"}],"replies":[{"embeddable":true,"href":"https:\/\/agenciaclipping.com\/home\/wp-json\/wp\/v2\/comments?post=182"}],"version-history":[{"count":13,"href":"https:\/\/agenciaclipping.com\/home\/wp-json\/wp\/v2\/pages\/182\/revisions"}],"predecessor-version":[{"id":601,"href":"https:\/\/agenciaclipping.com\/home\/wp-json\/wp\/v2\/pages\/182\/revisions\/601"}],"wp:attachment":[{"href":"https:\/\/agenciaclipping.com\/home\/wp-json\/wp\/v2\/media?parent=182"}],"curies":[{"name":"wp","href":"https:\/\/api.w.org\/{rel}","templated":true}]}}