{"id":135,"date":"2020-09-22T13:42:37","date_gmt":"2020-09-22T16:42:37","guid":{"rendered":"https:\/\/bridge400.qodeinteractive.com\/?page_id=135"},"modified":"2022-08-31T14:28:13","modified_gmt":"2022-08-31T17:28:13","slug":"servicos","status":"publish","type":"page","link":"https:\/\/agenciaclipping.com\/home\/servicos\/","title":{"rendered":"Servi\u00e7os"},"content":{"rendered":"\t\t<div data-elementor-type=\"wp-page\" data-elementor-id=\"135\" class=\"elementor elementor-135\">\n\t\t\t\t\t\t\t\t\t<section class=\"elementor-section elementor-top-section elementor-element elementor-element-9657a2c elementor-section-full_width elementor-section-height-default elementor-section-height-default parallax_section_no qode_elementor_container_no\" data-id=\"9657a2c\" data-element_type=\"section\" data-settings=\"{&quot;background_background&quot;:&quot;classic&quot;}\">\n\t\t\t\t\t\t<div class=\"elementor-container elementor-column-gap-default\">\n\t\t\t\t\t<div class=\"elementor-column elementor-col-100 elementor-top-column elementor-element elementor-element-3f64910\" data-id=\"3f64910\" data-element_type=\"column\">\n\t\t\t<div class=\"elementor-widget-wrap elementor-element-populated\">\n\t\t\t\t\t\t\t\t<section class=\"elementor-section elementor-inner-section elementor-element elementor-element-0b39b70 elementor-section-full_width qode_elementor_container_inner elementor-section-height-default elementor-section-height-default parallax_section_no\" data-id=\"0b39b70\" data-element_type=\"section\">\n\t\t\t\t\t\t<div class=\"elementor-container elementor-column-gap-default\">\n\t\t\t\t\t<div class=\"elementor-column elementor-col-50 elementor-inner-column elementor-element elementor-element-8f50d17\" data-id=\"8f50d17\" data-element_type=\"column\">\n\t\t\t<div class=\"elementor-widget-wrap elementor-element-populated\">\n\t\t\t\t\t\t\t\t<div class=\"elementor-element elementor-element-d7e8eb0 elementor-widget elementor-widget-heading\" data-id=\"d7e8eb0\" data-element_type=\"widget\" data-widget_type=\"heading.default\">\n\t\t\t\t<div class=\"elementor-widget-container\">\n\t\t\t<h2 class=\"elementor-heading-title elementor-size-default\">N\u00e3o estar no digital \u00e9 o primeiro \"n\u00e3o\" que voc\u00ea diz ao seu cliente!<\/h2>\t\t<\/div>\n\t\t\t\t<\/div>\n\t\t\t\t<div class=\"elementor-element elementor-element-a684571 elementor-widget elementor-widget-spacer\" data-id=\"a684571\" data-element_type=\"widget\" data-widget_type=\"spacer.default\">\n\t\t\t\t<div class=\"elementor-widget-container\">\n\t\t\t\t\t<div class=\"elementor-spacer\">\n\t\t\t<div class=\"elementor-spacer-inner\"><\/div>\n\t\t<\/div>\n\t\t\t\t<\/div>\n\t\t\t\t<\/div>\n\t\t\t\t<div class=\"elementor-element elementor-element-1eee0fc elementor-widget elementor-widget-text-editor\" data-id=\"1eee0fc\" data-element_type=\"widget\" data-widget_type=\"text-editor.default\">\n\t\t\t\t<div class=\"elementor-widget-container\">\n\t\t\t\t\t\t\t<p>&#8211; Gerenciamento de redes sociais<\/p><p>&#8211; Gest\u00e3o de m\u00eddia e performance<\/p><p>&#8211; Cria\u00e7\u00e3o e gest\u00e3o de conte\u00fado<\/p><p>&#8211; Campanhas de an\u00fancios digitais<\/p><p>&#8211; Gest\u00e3o de relacionamento digital<\/p><p>&#8211; Cria\u00e7\u00e3o de newsletter<\/p><p>&#8211; Identidade visual<\/p>\t\t\t\t\t\t<\/div>\n\t\t\t\t<\/div>\n\t\t\t\t<div class=\"elementor-element elementor-element-4b4ff55 elementor-widget elementor-widget-spacer\" data-id=\"4b4ff55\" data-element_type=\"widget\" data-widget_type=\"spacer.default\">\n\t\t\t\t<div class=\"elementor-widget-container\">\n\t\t\t\t\t<div class=\"elementor-spacer\">\n\t\t\t<div class=\"elementor-spacer-inner\"><\/div>\n\t\t<\/div>\n\t\t\t\t<\/div>\n\t\t\t\t<\/div>\n\t\t\t\t<div class=\"elementor-element elementor-element-a2e16c6 elementor-widget elementor-widget-bridge_button_v2\" data-id=\"a2e16c6\" data-element_type=\"widget\" data-widget_type=\"bridge_button_v2.default\">\n\t\t\t\t<div class=\"elementor-widget-container\">\n\t\t\t\n\n\t<a href=\"https:\/\/agenciaclipping.com\/home\/contato\/\" target=\"_self\" style=\"color: #DF5D5E;font-family: Work Sans;font-size: 17px;font-weight: 600;text-transform: uppercase;font-style: normal;letter-spacing: -0.5px\" class=\"qode-btn qode-btn-medium qode-btn-simple\"  >\n\t    <span class=\"qode-btn-text\">FALE COM A GENTE!<\/span>\t<\/a>\n\n\t\t<\/div>\n\t\t\t\t<\/div>\n\t\t\t\t\t<\/div>\n\t\t<\/div>\n\t\t\t\t<div class=\"elementor-column elementor-col-50 elementor-inner-column elementor-element elementor-element-b35f1e6\" data-id=\"b35f1e6\" data-element_type=\"column\">\n\t\t\t<div class=\"elementor-widget-wrap elementor-element-populated\">\n\t\t\t\t\t\t\t\t<div class=\"elementor-element elementor-element-3e60c3a elementor-widget elementor-widget-image\" data-id=\"3e60c3a\" data-element_type=\"widget\" data-widget_type=\"image.default\">\n\t\t\t\t<div class=\"elementor-widget-container\">\n\t\t\t\t\t\t\t\t\t\t\t\t\t\t\t<img width=\"2560\" height=\"1707\" src=\"https:\/\/agenciaclipping.com\/wp-content\/uploads\/2022\/08\/medium-shot-woman-holding-box-scaled.jpg\" class=\"attachment-full size-full wp-image-655\" alt=\"servi\u00e7os\" loading=\"lazy\" srcset=\"https:\/\/agenciaclipping.com\/wp-content\/uploads\/2022\/08\/medium-shot-woman-holding-box-scaled.jpg 2560w, https:\/\/agenciaclipping.com\/wp-content\/uploads\/2022\/08\/medium-shot-woman-holding-box-300x200.jpg 300w, https:\/\/agenciaclipping.com\/wp-content\/uploads\/2022\/08\/medium-shot-woman-holding-box-1024x683.jpg 1024w, https:\/\/agenciaclipping.com\/wp-content\/uploads\/2022\/08\/medium-shot-woman-holding-box-768x512.jpg 768w, https:\/\/agenciaclipping.com\/wp-content\/uploads\/2022\/08\/medium-shot-woman-holding-box-1536x1024.jpg 1536w, https:\/\/agenciaclipping.com\/wp-content\/uploads\/2022\/08\/medium-shot-woman-holding-box-2048x1365.jpg 2048w, https:\/\/agenciaclipping.com\/wp-content\/uploads\/2022\/08\/medium-shot-woman-holding-box-700x467.jpg 700w\" sizes=\"(max-width: 2560px) 100vw, 2560px\" \/>\t\t\t\t\t\t\t\t\t\t\t\t\t\t\t<\/div>\n\t\t\t\t<\/div>\n\t\t\t\t\t<\/div>\n\t\t<\/div>\n\t\t\t\t\t\t\t<\/div>\n\t\t<\/section>\n\t\t\t\t\t<\/div>\n\t\t<\/div>\n\t\t\t\t\t\t\t<\/div>\n\t\t<\/section>\n\t\t\t\t<section class=\"elementor-section elementor-top-section elementor-element elementor-element-7e846193 elementor-section-full_width elementor-section-height-default elementor-section-height-default parallax_section_no qode_elementor_container_no\" data-id=\"7e846193\" data-element_type=\"section\">\n\t\t\t\t\t\t<div class=\"elementor-container elementor-column-gap-default\">\n\t\t\t\t\t<div class=\"elementor-column elementor-col-100 elementor-top-column elementor-element elementor-element-2a45adc0\" data-id=\"2a45adc0\" data-element_type=\"column\">\n\t\t\t<div class=\"elementor-widget-wrap elementor-element-populated\">\n\t\t\t\t\t\t\t\t<div class=\"elementor-element elementor-element-3fe417e9 elementor-widget elementor-widget-bridge_circles\" data-id=\"3fe417e9\" data-element_type=\"widget\" data-widget_type=\"bridge_circles.default\">\n\t\t\t\t<div class=\"elementor-widget-container\">\n\t\t\t\n        <ul class=\"q_circles_holder four_columns no_line\" >\n\n            <li class=\"q_circle_outer\"><span class=\"q_circle_inner\"><span class=\"q_circle_inner2\" style=\"background-color: rgba(2,1,1,0);border-width: 0px;\"><h3 class=\"q_text_in_circle\" style=\"font-weight: 400;\">01<\/h3><\/span><\/span><div class=\"q_circle_text_holder\"><h4 class=\"q_circle_title\" style=\"color: #1B2F43\">Criatividade<\/h4><p class=\"q_circle_text\" style=\"\">O processo criativo, para n\u00f3s, \u00e9 um dos momentos mais importantes, \u00e9 nesta etapa que analisamos a sua marca, identidade, pontos fortes, al\u00e9m de todas as possibilidades para que a sua imagem seja trabalhada da melhor forma poss\u00edvel.<\/p><\/div><\/li><li class=\"q_circle_outer\"><span class=\"q_circle_inner\"><span class=\"q_circle_inner2\" style=\"background-color: rgba(2,1,1,0);border-width: 0px;\"><h3 class=\"q_text_in_circle\" style=\"font-weight: 400;\">02<\/h3><\/span><\/span><div class=\"q_circle_text_holder\"><h4 class=\"q_circle_title\" style=\"color: #1B2F43\">Design<\/h4><p class=\"q_circle_text\" style=\"\">Estudo, cria\u00e7\u00e3o, aplica\u00e7\u00e3o, estilos, formatos, arranjos visuais... aqui, as possibilidades s\u00e3o infinitas.<\/p><\/div><\/li><li class=\"q_circle_outer\"><span class=\"q_circle_inner\"><span class=\"q_circle_inner2\" style=\"background-color: rgba(2,1,1,0);border-width: 0px;\"><h3 class=\"q_text_in_circle\" style=\"font-weight: 400;\">03<\/h3><\/span><\/span><div class=\"q_circle_text_holder\"><h4 class=\"q_circle_title\" style=\"color: #1B2F43\">Desenvolvimento<\/h4><p class=\"q_circle_text\" style=\"\">Em um cen\u00e1rio aonde o consumidor se transforma mais r\u00e1pido do que \u00e9 poss\u00edvel acompanhar, uma equipe para desenvolver estrat\u00e9gias, a\u00e7\u00f5es inovadoras e uma nova vis\u00e3o do seu neg\u00f3cio \u00e9 essencial.<\/p><\/div><\/li><li class=\"q_circle_outer\"><span class=\"q_circle_inner\"><span class=\"q_circle_inner2\" style=\"background-color: rgba(2,1,1,0);border-width: 0px;\"><h3 class=\"q_text_in_circle\" style=\"font-weight: 400;\">04<\/h3><\/span><\/span><div class=\"q_circle_text_holder\"><h4 class=\"q_circle_title\" style=\"color: #1B2F43\">Marketing<\/h4><p class=\"q_circle_text\" style=\"\">Um time criativo, inovador, divertido e focado na entrega efetiva de uma comunica\u00e7\u00e3o \u00fanica entre o seu neg\u00f3cio e o seu p\u00fablico.<\/p><\/div><\/li>\n        <\/ul>\n\n        \t\t<\/div>\n\t\t\t\t<\/div>\n\t\t\t\t\t<\/div>\n\t\t<\/div>\n\t\t\t\t\t\t\t<\/div>\n\t\t<\/section>\n\t\t\t\t<section class=\"elementor-section elementor-top-section elementor-element elementor-element-17428c7 elementor-section-full_width qode_elementor_container_inner elementor-section-height-default elementor-section-height-default parallax_section_no\" data-id=\"17428c7\" data-element_type=\"section\">\n\t\t\t\t\t\t<div class=\"elementor-container elementor-column-gap-default\">\n\t\t\t\t\t<div class=\"elementor-column elementor-col-50 elementor-top-column elementor-element elementor-element-23baafd\" data-id=\"23baafd\" data-element_type=\"column\">\n\t\t\t<div class=\"elementor-widget-wrap elementor-element-populated\">\n\t\t\t\t\t\t\t\t<div class=\"elementor-element elementor-element-77d4268 elementor-widget elementor-widget-image\" data-id=\"77d4268\" data-element_type=\"widget\" data-widget_type=\"image.default\">\n\t\t\t\t<div class=\"elementor-widget-container\">\n\t\t\t\t\t\t\t\t\t\t\t\t\t\t\t<img width=\"2560\" height=\"1579\" src=\"https:\/\/agenciaclipping.com\/wp-content\/uploads\/2022\/08\/3d-word-oops-scaled.jpg\" class=\"attachment-full size-full wp-image-651\" alt=\"sem receita de bolo\" loading=\"lazy\" srcset=\"https:\/\/agenciaclipping.com\/wp-content\/uploads\/2022\/08\/3d-word-oops-scaled.jpg 2560w, https:\/\/agenciaclipping.com\/wp-content\/uploads\/2022\/08\/3d-word-oops-300x185.jpg 300w, https:\/\/agenciaclipping.com\/wp-content\/uploads\/2022\/08\/3d-word-oops-1024x631.jpg 1024w, https:\/\/agenciaclipping.com\/wp-content\/uploads\/2022\/08\/3d-word-oops-768x474.jpg 768w, https:\/\/agenciaclipping.com\/wp-content\/uploads\/2022\/08\/3d-word-oops-1536x947.jpg 1536w, https:\/\/agenciaclipping.com\/wp-content\/uploads\/2022\/08\/3d-word-oops-2048x1263.jpg 2048w, https:\/\/agenciaclipping.com\/wp-content\/uploads\/2022\/08\/3d-word-oops-700x432.jpg 700w\" sizes=\"(max-width: 2560px) 100vw, 2560px\" \/>\t\t\t\t\t\t\t\t\t\t\t\t\t\t\t<\/div>\n\t\t\t\t<\/div>\n\t\t\t\t\t<\/div>\n\t\t<\/div>\n\t\t\t\t<div class=\"elementor-column elementor-col-50 elementor-top-column elementor-element elementor-element-8522621\" data-id=\"8522621\" data-element_type=\"column\">\n\t\t\t<div class=\"elementor-widget-wrap elementor-element-populated\">\n\t\t\t\t\t\t\t\t<div class=\"elementor-element elementor-element-cd9f58b elementor-widget elementor-widget-heading\" data-id=\"cd9f58b\" data-element_type=\"widget\" data-widget_type=\"heading.default\">\n\t\t\t\t<div class=\"elementor-widget-container\">\n\t\t\t<h2 class=\"elementor-heading-title elementor-size-default\">Sem receita de bolo!<\/h2>\t\t<\/div>\n\t\t\t\t<\/div>\n\t\t\t\t<div class=\"elementor-element elementor-element-44da1a1 elementor-widget elementor-widget-spacer\" data-id=\"44da1a1\" data-element_type=\"widget\" data-widget_type=\"spacer.default\">\n\t\t\t\t<div class=\"elementor-widget-container\">\n\t\t\t\t\t<div class=\"elementor-spacer\">\n\t\t\t<div class=\"elementor-spacer-inner\"><\/div>\n\t\t<\/div>\n\t\t\t\t<\/div>\n\t\t\t\t<\/div>\n\t\t\t\t<div class=\"elementor-element elementor-element-38663b6 elementor-widget elementor-widget-text-editor\" data-id=\"38663b6\" data-element_type=\"widget\" data-widget_type=\"text-editor.default\">\n\t\t\t\t<div class=\"elementor-widget-container\">\n\t\t\t\t\t\t\t<p>Fazer o que todo mundo faz pode at\u00e9 te fazer pertencer ao grupo, mas o foco n\u00e3o \u00e9 esse! Queremos que a sua marca se destaque!<\/p><p>Ent\u00e3o, sem &#8220;receita de bolo&#8221;, as estrat\u00e9gias s\u00e3o pensadas \u00fanicas e exclusivamente para o seu neg\u00f3cio.<\/p>\t\t\t\t\t\t<\/div>\n\t\t\t\t<\/div>\n\t\t\t\t<div class=\"elementor-element elementor-element-dd236b4 elementor-widget elementor-widget-spacer\" data-id=\"dd236b4\" data-element_type=\"widget\" data-widget_type=\"spacer.default\">\n\t\t\t\t<div class=\"elementor-widget-container\">\n\t\t\t\t\t<div class=\"elementor-spacer\">\n\t\t\t<div class=\"elementor-spacer-inner\"><\/div>\n\t\t<\/div>\n\t\t\t\t<\/div>\n\t\t\t\t<\/div>\n\t\t\t\t<div class=\"elementor-element elementor-element-10b56be elementor-widget elementor-widget-bridge_button_v2\" data-id=\"10b56be\" data-element_type=\"widget\" data-widget_type=\"bridge_button_v2.default\">\n\t\t\t\t<div class=\"elementor-widget-container\">\n\t\t\t\n\n\t<a href=\"#\" target=\"_self\" style=\"color: #DF5D5E;font-family: Work Sans;font-size: 17px;font-weight: 600;text-transform: uppercase;font-style: normal;letter-spacing: -0.5px\" class=\"qode-btn qode-btn-medium qode-btn-simple\"  >\n\t    <span class=\"qode-btn-text\">FALE COM A GENTE!<\/span>\t<\/a>\n\n\t\t<\/div>\n\t\t\t\t<\/div>\n\t\t\t\t\t<\/div>\n\t\t<\/div>\n\t\t\t\t\t\t\t<\/div>\n\t\t<\/section>\n\t\t\t\t\t\t\t<\/div>\n\t\t","protected":false},"excerpt":{"rendered":"<p>N\u00e3o estar no digital \u00e9 o primeiro &#8220;n\u00e3o&#8221; que voc\u00ea diz ao seu cliente! &#8211; Gerenciamento de redes sociais &#8211; Gest\u00e3o de m\u00eddia e performance &#8211; Cria\u00e7\u00e3o e gest\u00e3o de conte\u00fado &#8211; Campanhas de an\u00fancios digitais &#8211; Gest\u00e3o de relacionamento digital &#8211; Cria\u00e7\u00e3o de newsletter&#8230;<\/p>\n","protected":false},"author":1,"featured_media":0,"parent":0,"menu_order":0,"comment_status":"closed","ping_status":"closed","template":"full_width.php","meta":[],"_links":{"self":[{"href":"https:\/\/agenciaclipping.com\/home\/wp-json\/wp\/v2\/pages\/135"}],"collection":[{"href":"https:\/\/agenciaclipping.com\/home\/wp-json\/wp\/v2\/pages"}],"about":[{"href":"https:\/\/agenciaclipping.com\/home\/wp-json\/wp\/v2\/types\/page"}],"author":[{"embeddable":true,"href":"https:\/\/agenciaclipping.com\/home\/wp-json\/wp\/v2\/users\/1"}],"replies":[{"embeddable":true,"href":"https:\/\/agenciaclipping.com\/home\/wp-json\/wp\/v2\/comments?post=135"}],"version-history":[{"count":34,"href":"https:\/\/agenciaclipping.com\/home\/wp-json\/wp\/v2\/pages\/135\/revisions"}],"predecessor-version":[{"id":664,"href":"https:\/\/agenciaclipping.com\/home\/wp-json\/wp\/v2\/pages\/135\/revisions\/664"}],"wp:attachment":[{"href":"https:\/\/agenciaclipping.com\/home\/wp-json\/wp\/v2\/media?parent=135"}],"curies":[{"name":"wp","href":"https:\/\/api.w.org\/{rel}","templated":true}]}}